{"id":60,"date":"2018-02-09T15:40:36","date_gmt":"2018-02-09T13:40:36","guid":{"rendered":"http:\/\/www.prokuivaus.fi\/?page_id=60"},"modified":"2026-03-13T14:38:52","modified_gmt":"2026-03-13T12:38:52","slug":"etusivu","status":"publish","type":"page","link":"https:\/\/www.prokuivaus.fi\/","title":{"rendered":"Etusivu"},"content":{"rendered":"\n<p><strong>Luotettava kumppani vesivahinkojen kartoitukseen ja kuivaamiseen p\u00e4\u00e4kaupunkiseudulla<\/strong><\/p>\n\n\n\n<p>Olemme vesivahinkojen kosteuskartoituksiin ja rakenteiden kuivaamiseen erikoistunut yritys, joka on perustettu vuonna 2017. Yrityksen perustajilla on yhteens\u00e4 yli 50 vuoden kokemus vesivahinkojen tutkimisesta, vahinkojen laajuuden selvitt\u00e4misest\u00e4 sek\u00e4 rakenteiden tehokkaasta kuivaamisesta.<\/p>\n\n\n\n<p>Toimintamme perustuu ammattitaitoon, luotettavaan palveluun ja nopeaan reagointiin vahinkotilanteissa.<\/p>\n\n\n\n<p><strong>Vahva osaaminen ja sertifioitu henkil\u00f6st\u00f6<\/strong><\/p>\n\n\n\n<p>Yrityksess\u00e4mme ty\u00f6skentelee perustajien lis\u00e4ksi viisi alan ammattilaista. Kaikki kosteuskartoittajamme ovat p\u00e4tev\u00f6ityneit\u00e4 tai sertifioituja rakenteiden kosteuden mittaajia. Kosteuskartoitusten lis\u00e4ksi tiimiss\u00e4mme ty\u00f6skentelee kaksi kokenutta kuivausasentajaa, jotka vastaavat rakenteiden tehokkaasta ja hallitusta kuivausprosessista.<\/p>\n\n\n\n<p>Pid\u00e4mme osaamisemme jatkuvasti ajan tasalla kouluttautumalla s\u00e4\u00e4nn\u00f6llisesti ja seuraamalla alan uusimpia menetelmi\u00e4 sek\u00e4 laitteistoja.<\/p>\n\n\n\n<p><strong>Kokemusta ja tehokkuutta<\/strong><\/p>\n\n\n\n<p>Hoidamme vuosittain yli <strong>1300 vesivahinkoon liittyv\u00e4\u00e4 toimeksiantoa<\/strong>, mik\u00e4 kertoo vahvasta kokemuksesta sek\u00e4 tehokkaista toimintatavoista. Pitk\u00e4 k\u00e4yt\u00e4nn\u00f6n kokemus auttaa meit\u00e4 tunnistamaan vahingon syyt nopeasti ja valitsemaan tilanteeseen sopivat korjaavat toimenpiteet.<\/p>\n\n\n\n<p><strong>Toimialue<\/strong><\/p>\n\n\n\n<p>Palvelemme asiakkaitamme koko <strong>p\u00e4\u00e4kaupunkiseudun alueella<\/strong> nopeasti ja joustavasti.<\/p>\n\n\n\n<p><strong>Luotettava kumppani<\/strong><\/p>\n\n\n\n<p>Tavoitteenamme on hoitaa jokainen toimeksianto ammattitaitoisesti, l\u00e4pin\u00e4kyv\u00e4sti ja asiakkaan kannalta mahdollisimman sujuvasti. Vesivahinkotilanteissa nopeus, oikeat menetelm\u00e4t ja kokemus ovat ratkaisevia \u2013 siksi asiakkaamme voivat luottaa siihen, ett\u00e4 ty\u00f6 tehd\u00e4\u00e4n huolellisesti ja tehokkaasti alusta loppuun.<\/p>\n\n\n\n<p><\/p>\n","protected":false},"excerpt":{"rendered":"<p>Luotettava kumppani vesivahinkojen kartoitukseen ja kuivaamiseen p\u00e4\u00e4kaupunkiseudulla Olemme vesivahinkojen kosteuskartoituksiin ja rakenteiden kuivaamiseen erikoistunut yritys, joka on perustettu vuonna 2017. Yrityksen perustajilla on yhteens\u00e4 yli 50 vuoden kokemus vesivahinkojen tutkimisesta, vahinkojen laajuuden selvitt\u00e4misest\u00e4 sek\u00e4 rakenteiden tehokkaasta kuivaamisesta. Toimintamme perustuu ammattitaitoon, luotettavaan palveluun ja nopeaan reagointiin vahinkotilanteissa. Vahva osaaminen ja sertifioitu henkil\u00f6st\u00f6 Yrityksess\u00e4mme ty\u00f6skentelee perustajien lis\u00e4ksi [&hellip;]<\/p>\n","protected":false},"author":1,"featured_media":0,"parent":0,"menu_order":0,"comment_status":"closed","ping_status":"closed","template":"","meta":{"footnotes":""},"class_list":["post-60","page","type-page","status-publish","czr-hentry"],"yoast_head":"<!-- This site is optimized with the Yoast SEO plugin v27.2 - https:\/\/yoast.com\/product\/yoast-seo-wordpress\/ -->\n<title>Etusivu - Pro Kuivaus Oy<\/title>\n<meta name=\"robots\" content=\"index, follow, max-snippet:-1, max-image-preview:large, max-video-preview:-1\" \/>\n<link rel=\"canonical\" href=\"https:\/\/www.prokuivaus.fi\/\" \/>\n<meta property=\"og:locale\" content=\"fi_FI\" \/>\n<meta property=\"og:type\" content=\"article\" \/>\n<meta property=\"og:title\" content=\"Etusivu - Pro Kuivaus Oy\" \/>\n<meta property=\"og:description\" content=\"Luotettava kumppani vesivahinkojen kartoitukseen ja kuivaamiseen p\u00e4\u00e4kaupunkiseudulla Olemme vesivahinkojen kosteuskartoituksiin ja rakenteiden kuivaamiseen erikoistunut yritys, joka on perustettu vuonna 2017. Yrityksen perustajilla on yhteens\u00e4 yli 50 vuoden kokemus vesivahinkojen tutkimisesta, vahinkojen laajuuden selvitt\u00e4misest\u00e4 sek\u00e4 rakenteiden tehokkaasta kuivaamisesta. Toimintamme perustuu ammattitaitoon, luotettavaan palveluun ja nopeaan reagointiin vahinkotilanteissa. Vahva osaaminen ja sertifioitu henkil\u00f6st\u00f6 Yrityksess\u00e4mme ty\u00f6skentelee perustajien lis\u00e4ksi [&hellip;]\" \/>\n<meta property=\"og:url\" content=\"https:\/\/www.prokuivaus.fi\/\" \/>\n<meta property=\"og:site_name\" content=\"Pro Kuivaus Oy\" \/>\n<meta property=\"article:modified_time\" content=\"2026-03-13T12:38:52+00:00\" \/>\n<meta name=\"twitter:card\" content=\"summary_large_image\" \/>\n<meta name=\"twitter:label1\" content=\"Arvioitu lukuaika\" \/>\n\t<meta name=\"twitter:data1\" content=\"2 minuuttia\" \/>\n<script type=\"application\/ld+json\" class=\"yoast-schema-graph\">{\"@context\":\"https:\/\/schema.org\",\"@graph\":[{\"@type\":\"WebPage\",\"@id\":\"https:\/\/www.prokuivaus.fi\/\",\"url\":\"https:\/\/www.prokuivaus.fi\/\",\"name\":\"Etusivu - Pro Kuivaus Oy\",\"isPartOf\":{\"@id\":\"https:\/\/www.prokuivaus.fi\/#website\"},\"datePublished\":\"2018-02-09T13:40:36+00:00\",\"dateModified\":\"2026-03-13T12:38:52+00:00\",\"breadcrumb\":{\"@id\":\"https:\/\/www.prokuivaus.fi\/#breadcrumb\"},\"inLanguage\":\"fi\",\"potentialAction\":[{\"@type\":\"ReadAction\",\"target\":[\"https:\/\/www.prokuivaus.fi\/\"]}]},{\"@type\":\"BreadcrumbList\",\"@id\":\"https:\/\/www.prokuivaus.fi\/#breadcrumb\",\"itemListElement\":[{\"@type\":\"ListItem\",\"position\":1,\"name\":\"Home\",\"item\":\"https:\/\/www.prokuivaus.fi\/\"},{\"@type\":\"ListItem\",\"position\":2,\"name\":\"Etusivu\"}]},{\"@type\":\"WebSite\",\"@id\":\"https:\/\/www.prokuivaus.fi\/#website\",\"url\":\"https:\/\/www.prokuivaus.fi\/\",\"name\":\"Pro Kuivaus Oy\",\"description\":\"Vesivahinkojen kartoitus -ja kuivauspalvelut p&auml;&auml;kaupunkiseudulla\",\"publisher\":{\"@id\":\"https:\/\/www.prokuivaus.fi\/#organization\"},\"potentialAction\":[{\"@type\":\"SearchAction\",\"target\":{\"@type\":\"EntryPoint\",\"urlTemplate\":\"https:\/\/www.prokuivaus.fi\/?s={search_term_string}\"},\"query-input\":{\"@type\":\"PropertyValueSpecification\",\"valueRequired\":true,\"valueName\":\"search_term_string\"}}],\"inLanguage\":\"fi\"},{\"@type\":\"Organization\",\"@id\":\"https:\/\/www.prokuivaus.fi\/#organization\",\"name\":\"Prokuivaus\",\"url\":\"https:\/\/www.prokuivaus.fi\/\",\"logo\":{\"@type\":\"ImageObject\",\"inLanguage\":\"fi\",\"@id\":\"https:\/\/www.prokuivaus.fi\/#\/schema\/logo\/image\/\",\"url\":\"https:\/\/www.prokuivaus.fi\/wp-content\/uploads\/2018\/02\/LOGO_PRO-KUIVAUS-OY_RGB.jpg\",\"contentUrl\":\"https:\/\/www.prokuivaus.fi\/wp-content\/uploads\/2018\/02\/LOGO_PRO-KUIVAUS-OY_RGB.jpg\",\"width\":1377,\"height\":275,\"caption\":\"Prokuivaus\"},\"image\":{\"@id\":\"https:\/\/www.prokuivaus.fi\/#\/schema\/logo\/image\/\"}}]}<\/script>\n<!-- \/ Yoast SEO plugin. -->","yoast_head_json":{"title":"Etusivu - Pro Kuivaus Oy","robots":{"index":"index","follow":"follow","max-snippet":"max-snippet:-1","max-image-preview":"max-image-preview:large","max-video-preview":"max-video-preview:-1"},"canonical":"https:\/\/www.prokuivaus.fi\/","og_locale":"fi_FI","og_type":"article","og_title":"Etusivu - Pro Kuivaus Oy","og_description":"Luotettava kumppani vesivahinkojen kartoitukseen ja kuivaamiseen p\u00e4\u00e4kaupunkiseudulla Olemme vesivahinkojen kosteuskartoituksiin ja rakenteiden kuivaamiseen erikoistunut yritys, joka on perustettu vuonna 2017. Yrityksen perustajilla on yhteens\u00e4 yli 50 vuoden kokemus vesivahinkojen tutkimisesta, vahinkojen laajuuden selvitt\u00e4misest\u00e4 sek\u00e4 rakenteiden tehokkaasta kuivaamisesta. Toimintamme perustuu ammattitaitoon, luotettavaan palveluun ja nopeaan reagointiin vahinkotilanteissa. Vahva osaaminen ja sertifioitu henkil\u00f6st\u00f6 Yrityksess\u00e4mme ty\u00f6skentelee perustajien lis\u00e4ksi [&hellip;]","og_url":"https:\/\/www.prokuivaus.fi\/","og_site_name":"Pro Kuivaus Oy","article_modified_time":"2026-03-13T12:38:52+00:00","twitter_card":"summary_large_image","twitter_misc":{"Arvioitu lukuaika":"2 minuuttia"},"schema":{"@context":"https:\/\/schema.org","@graph":[{"@type":"WebPage","@id":"https:\/\/www.prokuivaus.fi\/","url":"https:\/\/www.prokuivaus.fi\/","name":"Etusivu - Pro Kuivaus Oy","isPartOf":{"@id":"https:\/\/www.prokuivaus.fi\/#website"},"datePublished":"2018-02-09T13:40:36+00:00","dateModified":"2026-03-13T12:38:52+00:00","breadcrumb":{"@id":"https:\/\/www.prokuivaus.fi\/#breadcrumb"},"inLanguage":"fi","potentialAction":[{"@type":"ReadAction","target":["https:\/\/www.prokuivaus.fi\/"]}]},{"@type":"BreadcrumbList","@id":"https:\/\/www.prokuivaus.fi\/#breadcrumb","itemListElement":[{"@type":"ListItem","position":1,"name":"Home","item":"https:\/\/www.prokuivaus.fi\/"},{"@type":"ListItem","position":2,"name":"Etusivu"}]},{"@type":"WebSite","@id":"https:\/\/www.prokuivaus.fi\/#website","url":"https:\/\/www.prokuivaus.fi\/","name":"Pro Kuivaus Oy","description":"Vesivahinkojen kartoitus -ja kuivauspalvelut p&auml;&auml;kaupunkiseudulla","publisher":{"@id":"https:\/\/www.prokuivaus.fi\/#organization"},"potentialAction":[{"@type":"SearchAction","target":{"@type":"EntryPoint","urlTemplate":"https:\/\/www.prokuivaus.fi\/?s={search_term_string}"},"query-input":{"@type":"PropertyValueSpecification","valueRequired":true,"valueName":"search_term_string"}}],"inLanguage":"fi"},{"@type":"Organization","@id":"https:\/\/www.prokuivaus.fi\/#organization","name":"Prokuivaus","url":"https:\/\/www.prokuivaus.fi\/","logo":{"@type":"ImageObject","inLanguage":"fi","@id":"https:\/\/www.prokuivaus.fi\/#\/schema\/logo\/image\/","url":"https:\/\/www.prokuivaus.fi\/wp-content\/uploads\/2018\/02\/LOGO_PRO-KUIVAUS-OY_RGB.jpg","contentUrl":"https:\/\/www.prokuivaus.fi\/wp-content\/uploads\/2018\/02\/LOGO_PRO-KUIVAUS-OY_RGB.jpg","width":1377,"height":275,"caption":"Prokuivaus"},"image":{"@id":"https:\/\/www.prokuivaus.fi\/#\/schema\/logo\/image\/"}}]}},"_links":{"self":[{"href":"https:\/\/www.prokuivaus.fi\/index.php?rest_route=\/wp\/v2\/pages\/60","targetHints":{"allow":["GET"]}}],"collection":[{"href":"https:\/\/www.prokuivaus.fi\/index.php?rest_route=\/wp\/v2\/pages"}],"about":[{"href":"https:\/\/www.prokuivaus.fi\/index.php?rest_route=\/wp\/v2\/types\/page"}],"author":[{"embeddable":true,"href":"https:\/\/www.prokuivaus.fi\/index.php?rest_route=\/wp\/v2\/users\/1"}],"replies":[{"embeddable":true,"href":"https:\/\/www.prokuivaus.fi\/index.php?rest_route=%2Fwp%2Fv2%2Fcomments&post=60"}],"version-history":[{"count":10,"href":"https:\/\/www.prokuivaus.fi\/index.php?rest_route=\/wp\/v2\/pages\/60\/revisions"}],"predecessor-version":[{"id":580,"href":"https:\/\/www.prokuivaus.fi\/index.php?rest_route=\/wp\/v2\/pages\/60\/revisions\/580"}],"wp:attachment":[{"href":"https:\/\/www.prokuivaus.fi\/index.php?rest_route=%2Fwp%2Fv2%2Fmedia&parent=60"}],"curies":[{"name":"wp","href":"https:\/\/api.w.org\/{rel}","templated":true}]}}